{"id":1287,"date":"2024-08-25T21:34:22","date_gmt":"2024-08-25T21:34:22","guid":{"rendered":"http:\/\/www.przedszkoleswrodziny.pl\/?page_id=1287"},"modified":"2024-08-27T16:23:13","modified_gmt":"2024-08-27T16:23:13","slug":"upowaznienia-do-odbioru-dziecka-zgody-i-oswiadczenia-rodzicow","status":"publish","type":"page","link":"https:\/\/www.przedszkoleswrodziny.pl\/index.php\/upowaznienia-do-odbioru-dziecka-zgody-i-oswiadczenia-rodzicow\/","title":{"rendered":"Upowa\u017cnienia do odbioru dziecka, zgody i o\u015bwiadczenia rodzic\u00f3w"},"content":{"rendered":"\t\t<div data-elementor-type=\"wp-page\" data-elementor-id=\"1287\" class=\"elementor elementor-1287\">\n\t\t\t\t<div class=\"elementor-element elementor-element-7f49dc88 e-flex e-con-boxed e-con e-parent\" data-id=\"7f49dc88\" data-element_type=\"container\">\n\t\t\t\t\t<div class=\"e-con-inner\">\n\t\t\t\t<div class=\"elementor-element elementor-element-7208c554 elementor-widget elementor-widget-text-editor\" data-id=\"7208c554\" data-element_type=\"widget\" data-widget_type=\"text-editor.default\">\n\t\t\t\t<div class=\"elementor-widget-container\">\n\t\t\t\t\t\t\t<!-- wp:file {\"id\":1289,\"href\":\"https:\/\/www.przedszkoleswrodziny.pl\/wp-content\/uploads\/2024\/08\/Upowaznienie-do-odbioru-dziecka-zgody-i-oswiadczenia-rodzicow.pdf\",\"displayPreview\":true} -->\n<div class=\"wp-block-file\"><object class=\"wp-block-file__embed\" style=\"width: 100%; height: 600px;\" data=\"https:\/\/www.przedszkoleswrodziny.pl\/wp-content\/uploads\/2024\/08\/Upowaznienie-do-odbioru-dziecka-zgody-i-oswiadczenia-rodzicow.pdf\" type=\"application\/pdf\" width=\"300\" height=\"150\" aria-label=\"Upowa\u017cnienie do odbioru dziecka, zgody i o\u015bwiadczenia rodzic\u00f3w\"><\/object><a id=\"wp-block-file--media-7f884796-3489-4c4a-b20e-bd89366c81e4\" href=\"https:\/\/www.przedszkoleswrodziny.pl\/wp-content\/uploads\/2024\/08\/Upowaznienie-do-odbioru-dziecka-zgody-i-oswiadczenia-rodzicow.pdf\">Upowa\u017cnienie do odbioru dziecka, zgody i o\u015bwiadczenia rodzic\u00f3w(PDF)<\/a><a class=\"wp-block-file__button wp-element-button\" href=\"https:\/\/www.przedszkoleswrodziny.pl\/wp-content\/uploads\/2024\/08\/Upowaznienie-do-odbioru-dziecka-zgody-i-oswiadczenia-rodzicow.pdf\" download=\"\" aria-describedby=\"wp-block-file--media-7f884796-3489-4c4a-b20e-bd89366c81e4\">Pobierz<\/a><br \/><br \/><a id=\"wp-block-file--media-7f884796-3489-4c4a-b20e-bd89366c81e4\" href=\"https:\/\/www.przedszkoleswrodziny.pl\/wp-content\/uploads\/2024\/08\/Upowaznienie-do-odbioru-dziecka-zgody-i-oswiadczenia-rodzicow.docx\">Upowa\u017cnienie do odbioru dziecka, zgody i o\u015bwiadczenia rodzic\u00f3w(DOCX)<\/a><a class=\"wp-block-file__button wp-element-button\" href=\"https:\/\/www.przedszkoleswrodziny.pl\/wp-content\/uploads\/2024\/08\/Upowaznienie-do-odbioru-dziecka-zgody-i-oswiadczenia-rodzicow.docx\" download=\"\" aria-describedby=\"wp-block-file--media-7f884796-3489-4c4a-b20e-bd89366c81e4\">Pobierz<\/a><\/div>\n<!-- \/wp:file -->\t\t\t\t\t\t<\/div>\n\t\t\t\t<\/div>\n\t\t\t\t\t<\/div>\n\t\t\t\t<\/div>\n\t\t\t\t<\/div>\n\t\t","protected":false},"excerpt":{"rendered":"","protected":false},"author":1,"featured_media":0,"parent":0,"menu_order":0,"comment_status":"closed","ping_status":"closed","template":"","meta":{"inline_featured_image":false,"footnotes":""},"class_list":["post-1287","page","type-page","status-publish","hentry"],"_links":{"self":[{"href":"https:\/\/www.przedszkoleswrodziny.pl\/index.php\/wp-json\/wp\/v2\/pages\/1287"}],"collection":[{"href":"https:\/\/www.przedszkoleswrodziny.pl\/index.php\/wp-json\/wp\/v2\/pages"}],"about":[{"href":"https:\/\/www.przedszkoleswrodziny.pl\/index.php\/wp-json\/wp\/v2\/types\/page"}],"author":[{"embeddable":true,"href":"https:\/\/www.przedszkoleswrodziny.pl\/index.php\/wp-json\/wp\/v2\/users\/1"}],"replies":[{"embeddable":true,"href":"https:\/\/www.przedszkoleswrodziny.pl\/index.php\/wp-json\/wp\/v2\/comments?post=1287"}],"version-history":[{"count":17,"href":"https:\/\/www.przedszkoleswrodziny.pl\/index.php\/wp-json\/wp\/v2\/pages\/1287\/revisions"}],"predecessor-version":[{"id":1401,"href":"https:\/\/www.przedszkoleswrodziny.pl\/index.php\/wp-json\/wp\/v2\/pages\/1287\/revisions\/1401"}],"wp:attachment":[{"href":"https:\/\/www.przedszkoleswrodziny.pl\/index.php\/wp-json\/wp\/v2\/media?parent=1287"}],"curies":[{"name":"wp","href":"https:\/\/api.w.org\/{rel}","templated":true}]}}